{"id":1337,"date":"2022-09-14T07:44:40","date_gmt":"2022-09-14T05:44:40","guid":{"rendered":"https:\/\/teameo.ch\/protection-de-donnees\/"},"modified":"2023-01-25T16:48:51","modified_gmt":"2023-01-25T15:48:51","slug":"datenschutz","status":"publish","type":"page","link":"https:\/\/teameo.ch\/de\/datenschutz\/","title":{"rendered":"Datenschutz"},"content":{"rendered":"<div class=\"wpb-content-wrapper\"><p>[vc_row][vc_column]<style data-type=\"vc_shortcodes-custom-css\">.vc_custom_1660916272757{background-color: #f2f7ff !important;}.vc_custom_1666082292663{margin-bottom: 0px !important;padding-top: 15px !important;}.vc_custom_1666082153897{margin-bottom: 15px !important;}<\/style><div class=\"wpb-content-wrapper\">[vc_row full_width=\"stretch_row\" css=\".vc_custom_1660916272757{background-color: #f2f7ff !important;}\" woodmart_css_id=\"62ff92209a44a\" responsive_spacing=\"eyJwYXJhbV90eXBlIjoid29vZG1hcnRfcmVzcG9uc2l2ZV9zcGFjaW5nIiwic2VsZWN0b3JfaWQiOiI2MmZmOTIyMDlhNDRhIiwic2hvcnRjb2RlIjoidmNfcm93IiwiZGF0YSI6eyJ0YWJsZXQiOnt9LCJtb2JpbGUiOnt9fX0=\" mobile_bg_img_hidden=\"no\" tablet_bg_img_hidden=\"no\" woodmart_parallax=\"0\" woodmart_gradient_switch=\"no\" woodmart_box_shadow=\"no\" wd_z_index=\"no\" woodmart_disable_overflow=\"0\" row_reverse_mobile=\"0\" row_reverse_tablet=\"0\"][vc_column css=\".vc_custom_1666082292663{margin-bottom: 0px !important;padding-top: 15px !important;}\" woodmart_css_id=\"634e65efd5cb1\" parallax_scroll=\"no\" woodmart_sticky_column=\"false\" wd_collapsible_content_switcher=\"no\" wd_column_role_offcanvas_desktop=\"no\" wd_column_role_offcanvas_tablet=\"no\" wd_column_role_offcanvas_mobile=\"no\" wd_column_role_content_desktop=\"no\" wd_column_role_content_tablet=\"no\" wd_column_role_content_mobile=\"no\" mobile_bg_img_hidden=\"no\" tablet_bg_img_hidden=\"no\" woodmart_parallax=\"0\" woodmart_box_shadow=\"no\" responsive_spacing=\"eyJwYXJhbV90eXBlIjoid29vZG1hcnRfcmVzcG9uc2l2ZV9zcGFjaW5nIiwic2VsZWN0b3JfaWQiOiI2MzRlNjVlZmQ1Y2IxIiwic2hvcnRjb2RlIjoidmNfY29sdW1uIiwiZGF0YSI6eyJ0YWJsZXQiOnt9LCJtb2JpbGUiOnt9fX0=\" mobile_reset_margin=\"no\" tablet_reset_margin=\"no\" wd_z_index=\"no\"][vc_raw_html css=\".vc_custom_1666082153897{margin-bottom: 15px !important;}\"]W2JyZWFkY3J1bWJfbWlhbV0=[\/vc_raw_html][\/vc_column][\/vc_row]<\/div>[\/vc_column][\/vc_row][vc_row css=&#8220;.vc_custom_1660916240586{margin-top: 40px !important;margin-bottom: 40px !important;}&#8220; woodmart_css_id=&#8220;62ff920b9a2a7&#8243; responsive_spacing=&#8220;eyJwYXJhbV90eXBlIjoid29vZG1hcnRfcmVzcG9uc2l2ZV9zcGFjaW5nIiwic2VsZWN0b3JfaWQiOiI2MmZmOTIwYjlhMmE3Iiwic2hvcnRjb2RlIjoidmNfcm93IiwiZGF0YSI6eyJ0YWJsZXQiOnt9LCJtb2JpbGUiOnt9fX0=&#8220; mobile_bg_img_hidden=&#8220;no&#8220; tablet_bg_img_hidden=&#8220;no&#8220; woodmart_parallax=&#8220;0&#8243; woodmart_gradient_switch=&#8220;no&#8220; woodmart_box_shadow=&#8220;no&#8220; wd_z_index=&#8220;no&#8220; woodmart_disable_overflow=&#8220;0&#8243; row_reverse_mobile=&#8220;0&#8243; row_reverse_tablet=&#8220;0&#8243;][vc_column]\n\t\t<div id=\"wd-63c95ab1b6d2a\" class=\"title-wrapper wd-wpb wd-set-mb reset-last-child  wd-rs-63c95ab1b6d2a wd-title-color-primary wd-title-style-simple text-center  wd-underline-colored\">\n\t\t\t\n\t\t\t<div class=\"liner-continer\">\n\t\t\t\t<h1 class=\"woodmart-title-container title  wd-font-weight- wd-fontsize-xxxl\" >Schutz von Daten<\/h1>\n\t\t\t\t\t\t\t<\/div>\n\t\t\t\n\t\t\t\n\t\t\t\n\t\t<\/div>\n\t\t\n\t\t[\/vc_column][\/vc_row][vc_row css=&#8220;.vc_custom_1639144493571{margin-bottom: 80px !important;}&#8220; mobile_bg_img_hidden=&#8220;no&#8220; tablet_bg_img_hidden=&#8220;no&#8220; woodmart_parallax=&#8220;0&#8243; woodmart_gradient_switch=&#8220;no&#8220; row_reverse_mobile=&#8220;0&#8243; row_reverse_tablet=&#8220;0&#8243; woodmart_disable_overflow=&#8220;0&#8243; woodmart_css_id=&#8220;61b35c274e4e1&#8243; responsive_spacing=&#8220;eyJwYXJhbV90eXBlIjoid29vZG1hcnRfcmVzcG9uc2l2ZV9zcGFjaW5nIiwic2VsZWN0b3JfaWQiOiI2MWIzNWMyNzRlNGUxIiwic2hvcnRjb2RlIjoidmNfcm93IiwiZGF0YSI6eyJ0YWJsZXQiOnt9LCJtb2JpbGUiOnt9fX0=&#8220; woodmart_box_shadow=&#8220;no&#8220; wd_z_index=&#8220;no&#8220;][vc_column css=&#8220;.vc_custom_1619792717475{padding-top: 0px !important;}&#8220; mobile_bg_img_hidden=&#8220;no&#8220; tablet_bg_img_hidden=&#8220;no&#8220; woodmart_parallax=&#8220;0&#8243; woodmart_sticky_column=&#8220;false&#8220; parallax_scroll=&#8220;no&#8220; mobile_reset_margin=&#8220;no&#8220; tablet_reset_margin=&#8220;no&#8220;]\t\t<div id=\"wd-63c95ac3034ba\" class=\"wd-text-block wd-wpb reset-last-child wd-rs-63c95ac3034ba text-left \">\n\t\t\t<h3>General<\/h3>\n<p>Wir verpflichten uns, die Vertraulichkeit der von uns gesammelten pers\u00f6nlichen Informationen zu wahren. Als Schweizer Unternehmen, das seine Dienstleistungen in der Schweiz anbietet, halten wir uns an das Bundesgesetz \u00fcber den Datenschutz (DSG), und wir bem\u00fchen uns auch, die Vorschriften der Europ\u00e4ischen Union (RGPD) einzuhalten.<\/p>\n<h3>Sammeln von pers\u00f6nlichen Informationen<\/h3>\n<p>Die von uns erfassten personenbezogenen Daten werden \u00fcber Formulare und durch die zwischen Ihnen und unserer Website hergestellte Interaktivit\u00e4t gesammelt. Wir k\u00f6nnen Informationen \u00fcber Ihre Besuche auf unserer Website sammeln, darunter insbesondere Verkehrsdaten, Standortdaten, den Inhalt von Umfragen und Kontaktformularen sowie andere Kommunikations- und Ressourcendaten, auf die Sie Zugriff haben. Beispielsweise werden diese Informationen Ihre zuk\u00fcnftigen Besuche der Website insofern erleichtern, als wir Inhalte oder Dienstleistungen auf der Grundlage des Ortes, von dem aus Sie auf die Website zugreifen, vorschlagen k\u00f6nnen. Wenn Sie sich mit uns in Verbindung setzen, k\u00f6nnen wir eine Kopie dieser Korrespondenz aufbewahren. Wir sammeln auch Informationen \u00fcber alle Nutzer der Website in aggregierter Form. Dies erm\u00f6glicht es uns, ein besseres Verst\u00e4ndnis der Nutzer der Website als Gruppe zu erlangen, ohne Informationen zu enthalten, mit denen Sie pers\u00f6nlich identifiziert werden k\u00f6nnen. Wir k\u00f6nnen die Informationen auch f\u00fcr Direktmarketingaktivit\u00e4ten per E-Mail, Nachricht und Telefon verwenden. Sie haben jedoch die M\u00f6glichkeit, jederzeit auf den Erhalt unserer zuk\u00fcnftigen Marketingmitteilungen zu verzichten. Wir k\u00f6nnen auch Cookies speichern, wie unten genauer definiert. Diese Daten werden unter keinen Umst\u00e4nden an Dritte weitergegeben oder weiterverkauft. Wir verwenden die so gesammelten Informationen f\u00fcr die folgenden Zwecke:<\/p>\n<ul>\n<li>Inhalte und Dienste an Ihre Bed\u00fcrfnisse anzupassen.<\/li>\n<li>Sie per E-Mail, Telefon und\/oder Post \u00fcber unsere Dienstleistungen auf dem Laufenden zu halten.<\/li>\n<li>Ihnen zus\u00e4tzliche Dienstleistungen &#8211; wie Newsletter oder Informationen \u00fcber bevorstehende Veranstaltungen &#8211; zur Verf\u00fcgung zu stellen, die wir Ihnen m\u00f6glicherweise anbieten.<\/li>\n<li>Um es uns zu erm\u00f6glichen, die Inhalte und Dienste, die f\u00fcr Sie am wichtigsten sind, zu erstellen, zu ver\u00f6ffentlichen und zu verbessern.<\/li>\n<li>Zur Entwicklung und Verbesserung unserer Website, ihres Inhalts, unserer Dienstleistungen und unserer Systeme.<\/li>\n<li>Statistiken<\/li>\n<li>Kontakt<\/li>\n<\/ul>\n<h3>Cookies<\/h3>\n<p>Wir k\u00f6nnen zu Zwecken der Systemverwaltung Informationen \u00fcber Ihren Computer sammeln, einschlie\u00dflich ggf. Ihrer IP-Adresse, Ihres Betriebssystems und Ihres Browsertyps. Dabei handelt es sich lediglich um statistische Daten zu den Aktionen und Surfmustern unserer Nutzer, mit denen Sie nicht als Person identifiziert werden k\u00f6nnen. Aus demselben Grund k\u00f6nnen wir Informationen \u00fcber Ihre allgemeine Internetnutzung erhalten, indem wir Cookies verwenden, d. h. Dateien, die auf Ihrem Computer gespeichert werden. Mithilfe von Cookies k\u00f6nnen wir die Website verbessern und Ihnen einen personalisierten Service bieten. Sie k\u00f6nnen Cookies ablehnen, indem Sie die entsprechende Einstellung in Ihrem Browser aktivieren, mit der Sie das Speichern von Cookies ablehnen k\u00f6nnen.<\/p>\n<h3>Bewerbung<\/h3>\n<p>Wir behandeln die Bewerbungsunterlagen streng vertraulich und verwenden sie nur f\u00fcr die vereinbarten Zwecke. Sie werden nur in dem Umfang und so lange verarbeitet, wie es f\u00fcr die Vermittlung notwendig ist. Diese Daten k\u00f6nnen potenziell an Unternehmen weitergegeben werden, die an Ihren Diensten interessiert sind, ebenso wie zus\u00e4tzliche Informationen \u00fcber Ihre beruflichen Kenntnisse. In diesem Fall beh\u00e4lt sich Teameo das Recht vor, zu entscheiden, ob die Daten anonymisiert weitergegeben werden sollen oder nicht. Mit der Annahme dieses Dokuments erkl\u00e4ren Sie sich ausdr\u00fccklich mit unseren Datenschutzbestimmungen einverstanden.<\/p>\n<ul>\n<li>Sie erkl\u00e4ren sich damit einverstanden, dass Teameo Ihre pers\u00f6nlichen Daten im Zusammenhang mit Ihrer Bewerbung speichert, verarbeitet oder an andere Agenturen der Pemsa-Gruppe im In- und Ausland zum Zwecke des Personalverleihs und\/oder der Personalvermittlung weitergibt.<\/li>\n<li>Sie erkl\u00e4ren sich damit einverstanden, dass Ihre pers\u00f6nlichen Daten zum Zwecke des Personalverleihs und\/oder der Personalvermittlung gespeichert, verarbeitet und an Dritte im In- und Ausland weitergegeben werden. Unter diesen Dritten sind insbesondere Unternehmen zu verstehen, die Kunden von Teameo sind.<\/li>\n<li>Sie erkl\u00e4ren sich damit einverstanden, dass Teameo einen Newsletter an die von Ihnen angegebene E-Mail-Adresse verschickt.<\/li>\n<\/ul>\n<p>Die Einwilligungen sind voneinander unabh\u00e4ngig und werden freiwillig erteilt. Sie k\u00f6nnen Ihre Einwilligungen jederzeit ohne Angabe von Gr\u00fcnden widerrufen und Sie haben das Recht, jederzeit die L\u00f6schung Ihrer Daten zu verlangen. Solange jedoch ein Arbeitsvertrag zwischen Ihnen und Teameo bestanden hat, bleiben alle Pflichten und Rechte zur Aufbewahrung von Dokumenten vorbehalten. Mit der Annahme dieser Bedingungen best\u00e4tigen Sie, dass alle von Ihnen gemachten Angaben der Wahrheit entsprechen und erkl\u00e4ren sich mit den vorstehenden Bestimmungen einverstanden. Sie erm\u00e4chtigen Teameo, Referenzausk\u00fcnfte bei den von Ihnen angegebenen Personen einzuholen. Sie nehmen zur Kenntnis, dass diese Einwilligung jederzeit schriftlich widerrufen werden kann. Ohne Ihre Zustimmung werden Ihre Unterlagen nach Beendigung des Arbeitsverh\u00e4ltnisses gel\u00f6scht\/vernichtet, sofern sie nicht einer gesetzlichen Aufbewahrungspflicht unterliegen.<\/p>\n<h3>Recht auf Widerspruch und R\u00fccknahme<\/h3>\n<p>Wir verpflichten uns, Ihnen das Recht auf Widerspruch und R\u00fccknahme Ihrer pers\u00f6nlichen Daten zu gew\u00e4hren. Das Widerspruchsrecht ist die M\u00f6glichkeit f\u00fcr Internetnutzer, die Verwendung ihrer pers\u00f6nlichen Daten zu bestimmten Zwecken, die bei der Erhebung angegeben wurden, abzulehnen. Das Recht auf Widerruf ist die M\u00f6glichkeit f\u00fcr Internetnutzer, zu verlangen, dass ihre pers\u00f6nlichen Daten beispielsweise nicht mehr in einer Mailingliste erscheinen. Um diese Rechte aus\u00fcben zu k\u00f6nnen, nehmen Sie bitte Kontakt mit uns auf, indem Sie die in der Fusszeile angegebenen Kontaktdaten verwenden.<\/p>\n<h3>Recht auf Zugang<\/h3>\n<p>Wir verpflichten uns, den betroffenen Personen das Recht auf Zugang und Berichtigung zuzugestehen, wenn sie die sie betreffenden Informationen einsehen, \u00e4ndern oder sogar l\u00f6schen m\u00f6chten. Um diese Rechte aus\u00fcben zu k\u00f6nnen, nehmen Sie bitte Kontakt mit uns auf, indem Sie die in der Fusszeile angegebenen Kontaktdaten verwenden.<\/p>\n<h3>Sicherheit<\/h3>\n<p>Die von uns gesammelten pers\u00f6nlichen Informationen werden in einer sicheren Umgebung aufbewahrt. Die Personen, die f\u00fcr uns arbeiten, sind verpflichtet, Ihre Informationen vertraulich zu behandeln. Wir verpflichten uns, ein hohes Mass an Vertraulichkeit zu wahren, indem wir die neuesten technologischen Innovationen integrieren, um die Vertraulichkeit Ihrer Transaktionen zu gew\u00e4hrleisten. Da jedoch kein Mechanismus maximale Sicherheit bietet, ist ein gewisses Risiko immer vorhanden, wenn man das Internet zur \u00dcbermittlung pers\u00f6nlicher Informationen nutzt.<\/p>\n<h3>Dienste von Drittanbietern<\/h3>\n<p>Tags Management Systems (TMS) Unsere Website verwendet Google Tag Manager (GTM). Dieses System dient der Verwaltung der verschiedenen Tags, die auf unserer Website verwendet werden. Wir verwalten in GTM keine personenbezogenen Daten. GTM kann bestimmte Informationen sammeln, z. B. wie der Dienst genutzt wird, welche Tags tats\u00e4chlich eingesetzt werden und wie sie eingesetzt werden. Diese Daten k\u00f6nnen sie nutzen, um ihre Dienste zu verbessern, zu pflegen, zu sch\u00fctzen und weiterzuentwickeln. Unser Dienstleister ist die Firma Google Inc. in den USA. Analytics Unsere Website verwendet Google Analytics. Dieses System erm\u00f6glicht es, verschiedene Analysen \u00fcber den Besuch und die Nutzung unserer Website zu erstellen. Die gesammelten Informationen bestehen insbesondere aus Ihrer IP-Adresse, Ihrer Konfiguration (Ger\u00e4t, Browser, Aufl\u00f6sung usw.), Ihrem Internetprovider, der aufgerufenen Seite, der vorherigen Seite sowie den verschiedenen Interaktionen mit unserer Website (Verweildauer, Klicks, ausgef\u00fcllte Formulare usw.). Wir verwenden diese Daten in anonymisierter Form (Anonymisierung von IP-Adressen), um unsere Dienstleistungen und Angebote zu verbessern, aber auch, um die Inhalte unserer Website zu personalisieren. Andere Dienste und Inhalte Dritter Unsere Website kann Inhalte Dritter einbinden, wie z. B. YouTube-Videos, Google Maps, Slideshare-Pr\u00e4sentationen, Schaltfl\u00e4chen zum Teilen in sozialen Netzwerken oder andere Elemente. Dies bedeutet, dass die Anbieter dieser Inhalte Ihre IP-Adresse oder andere Elemente aufzeichnen. Wenn Sie beispielsweise in Ihrem Google-Konto angemeldet sind, kann der Zugriff auf eine Seite, die ein Youtube-Video enth\u00e4lt, Ihrem Konto zugeordnet werden.<\/p>\n<h3>Gesetzgebung<\/h3>\n<p>Wir verpflichten uns, die f\u00fcr die Schweiz geltenden gesetzlichen Bestimmungen einzuhalten. So k\u00f6nnen Sie uns kontaktieren Wenn Sie Fragen oder Kommentare zu dieser Datenschutzerkl\u00e4rung oder zu unserer Datenverarbeitung haben, k\u00f6nnen Sie an folgende Adresse schreiben: \u2028Datenschutzbeauftragter (Data Protection Officer)\u2028Pemsa Group \u2028Route de Lavaux 166 \u20281095 Lutry \u2028Email: informatique@pemsagroup.ch<\/p>\n\t\t<\/div>\n\t\t[\/vc_column][\/vc_row]<\/p>\n<\/div>","protected":false},"excerpt":{"rendered":"<p>[vc_row][vc_column][\/vc_column][\/vc_row][vc_row css=&#8220;.vc_custom_1660916240586{margin-top: 40px !important;margin-bottom: 40px !important;}&#8220; woodmart_css_id=&#8220;62ff920b9a2a7&#8243; responsive_spacing=&#8220;eyJwYXJhbV90eXBlIjoid29vZG1hcnRfcmVzcG9uc2l2ZV9zcGFjaW5nIiwic2VsZWN0b3JfaWQiOiI2MmZmOTIwYjlhMmE3Iiwic2hvcnRjb2RlIjoidmNfcm93IiwiZGF0YSI6eyJ0YWJsZXQiOnt9LCJtb2JpbGUiOnt9fX0=&#8220; mobile_bg_img_hidden=&#8220;no&#8220; tablet_bg_img_hidden=&#8220;no&#8220; woodmart_parallax=&#8220;0&#8243; woodmart_gradient_switch=&#8220;no&#8220; woodmart_box_shadow=&#8220;no&#8220; wd_z_index=&#8220;no&#8220; woodmart_disable_overflow=&#8220;0&#8243; row_reverse_mobile=&#8220;0&#8243; row_reverse_tablet=&#8220;0&#8243;][vc_column][\/vc_column][\/vc_row][vc_row css=&#8220;.vc_custom_1639144493571{margin-bottom: 80px !important;}&#8220;<\/p>\n","protected":false},"author":8,"featured_media":0,"parent":0,"menu_order":0,"comment_status":"closed","ping_status":"closed","template":"","meta":{"_acf_changed":false,"footnotes":""},"class_list":["post-1337","page","type-page","status-publish","hentry"],"acf":[],"yoast_head":"<!-- This site is optimized with the Yoast SEO plugin v27.5 - https:\/\/yoast.com\/product\/yoast-seo-wordpress\/ -->\n<title>Datenschutz - Teameo die digitale Zeitarbeitsfirma<\/title>\n<meta name=\"description\" content=\"Finden Sie die Erkl\u00e4rung zum Datenschutz bei Teameo - die digitale Zeitarbeitsfirma\" \/>\n<meta name=\"robots\" content=\"index, follow, max-snippet:-1, max-image-preview:large, max-video-preview:-1\" \/>\n<link rel=\"canonical\" href=\"https:\/\/teameo.ch\/de\/datenschutz\/\" \/>\n<meta property=\"og:locale\" content=\"de_DE\" \/>\n<meta property=\"og:type\" content=\"article\" \/>\n<meta property=\"og:title\" content=\"Datenschutz - Teameo die digitale Zeitarbeitsfirma\" \/>\n<meta property=\"og:description\" content=\"Finden Sie die Erkl\u00e4rung zum Datenschutz bei Teameo - die digitale Zeitarbeitsfirma\" \/>\n<meta property=\"og:url\" content=\"https:\/\/teameo.ch\/de\/datenschutz\/\" \/>\n<meta property=\"og:site_name\" content=\"Teameo\" \/>\n<meta property=\"article:modified_time\" content=\"2023-01-25T15:48:51+00:00\" \/>\n<meta property=\"og:image\" content=\"https:\/\/teameo.ch\/wp-content\/uploads\/2024\/05\/og-teameo.jpg\" \/>\n\t<meta property=\"og:image:width\" content=\"1200\" \/>\n\t<meta property=\"og:image:height\" content=\"627\" \/>\n\t<meta property=\"og:image:type\" content=\"image\/jpeg\" \/>\n<meta name=\"twitter:card\" content=\"summary_large_image\" \/>\n<meta name=\"twitter:label1\" content=\"Gesch\u00e4tzte Lesezeit\" \/>\n\t<meta name=\"twitter:data1\" content=\"7\u00a0Minuten\" \/>\n<script type=\"application\/ld+json\" class=\"yoast-schema-graph\">{\"@context\":\"https:\\\/\\\/schema.org\",\"@graph\":[{\"@type\":\"WebPage\",\"@id\":\"https:\\\/\\\/teameo.ch\\\/de\\\/datenschutz\\\/\",\"url\":\"https:\\\/\\\/teameo.ch\\\/de\\\/datenschutz\\\/\",\"name\":\"Datenschutz - Teameo die digitale Zeitarbeitsfirma\",\"isPartOf\":{\"@id\":\"https:\\\/\\\/teameo.ch\\\/de\\\/#website\"},\"datePublished\":\"2022-09-14T05:44:40+00:00\",\"dateModified\":\"2023-01-25T15:48:51+00:00\",\"description\":\"Finden Sie die Erkl\u00e4rung zum Datenschutz bei Teameo - die digitale Zeitarbeitsfirma\",\"breadcrumb\":{\"@id\":\"https:\\\/\\\/teameo.ch\\\/de\\\/datenschutz\\\/#breadcrumb\"},\"inLanguage\":\"de\",\"potentialAction\":[{\"@type\":\"ReadAction\",\"target\":[\"https:\\\/\\\/teameo.ch\\\/de\\\/datenschutz\\\/\"]}]},{\"@type\":\"BreadcrumbList\",\"@id\":\"https:\\\/\\\/teameo.ch\\\/de\\\/datenschutz\\\/#breadcrumb\",\"itemListElement\":[{\"@type\":\"ListItem\",\"position\":1,\"name\":\"Teameo\",\"item\":\"https:\\\/\\\/teameo.ch\\\/de\\\/\"},{\"@type\":\"ListItem\",\"position\":2,\"name\":\"Datenschutz\"}]},{\"@type\":\"WebSite\",\"@id\":\"https:\\\/\\\/teameo.ch\\\/de\\\/#website\",\"url\":\"https:\\\/\\\/teameo.ch\\\/de\\\/\",\"name\":\"Teameo\",\"description\":\"Agence d&#039;int\u00e9rim 100% online\",\"publisher\":{\"@id\":\"https:\\\/\\\/teameo.ch\\\/de\\\/#organization\"},\"potentialAction\":[{\"@type\":\"SearchAction\",\"target\":{\"@type\":\"EntryPoint\",\"urlTemplate\":\"https:\\\/\\\/teameo.ch\\\/de\\\/?s={search_term_string}\"},\"query-input\":{\"@type\":\"PropertyValueSpecification\",\"valueRequired\":true,\"valueName\":\"search_term_string\"}}],\"inLanguage\":\"de\"},{\"@type\":\"Organization\",\"@id\":\"https:\\\/\\\/teameo.ch\\\/de\\\/#organization\",\"name\":\"Teameo\",\"url\":\"https:\\\/\\\/teameo.ch\\\/de\\\/\",\"logo\":{\"@type\":\"ImageObject\",\"inLanguage\":\"de\",\"@id\":\"https:\\\/\\\/teameo.ch\\\/de\\\/#\\\/schema\\\/logo\\\/image\\\/\",\"url\":\"https:\\\/\\\/teameo.ch\\\/wp-content\\\/uploads\\\/2022\\\/08\\\/logo_teameo.svg\",\"contentUrl\":\"https:\\\/\\\/teameo.ch\\\/wp-content\\\/uploads\\\/2022\\\/08\\\/logo_teameo.svg\",\"width\":370,\"height\":66,\"caption\":\"Teameo\"},\"image\":{\"@id\":\"https:\\\/\\\/teameo.ch\\\/de\\\/#\\\/schema\\\/logo\\\/image\\\/\"}}]}<\/script>\n<!-- \/ Yoast SEO plugin. -->","yoast_head_json":{"title":"Datenschutz - Teameo die digitale Zeitarbeitsfirma","description":"Finden Sie die Erkl\u00e4rung zum Datenschutz bei Teameo - die digitale Zeitarbeitsfirma","robots":{"index":"index","follow":"follow","max-snippet":"max-snippet:-1","max-image-preview":"max-image-preview:large","max-video-preview":"max-video-preview:-1"},"canonical":"https:\/\/teameo.ch\/de\/datenschutz\/","og_locale":"de_DE","og_type":"article","og_title":"Datenschutz - Teameo die digitale Zeitarbeitsfirma","og_description":"Finden Sie die Erkl\u00e4rung zum Datenschutz bei Teameo - die digitale Zeitarbeitsfirma","og_url":"https:\/\/teameo.ch\/de\/datenschutz\/","og_site_name":"Teameo","article_modified_time":"2023-01-25T15:48:51+00:00","og_image":[{"width":1200,"height":627,"url":"https:\/\/teameo.ch\/wp-content\/uploads\/2024\/05\/og-teameo.jpg","type":"image\/jpeg"}],"twitter_card":"summary_large_image","twitter_misc":{"Gesch\u00e4tzte Lesezeit":"7\u00a0Minuten"},"schema":{"@context":"https:\/\/schema.org","@graph":[{"@type":"WebPage","@id":"https:\/\/teameo.ch\/de\/datenschutz\/","url":"https:\/\/teameo.ch\/de\/datenschutz\/","name":"Datenschutz - Teameo die digitale Zeitarbeitsfirma","isPartOf":{"@id":"https:\/\/teameo.ch\/de\/#website"},"datePublished":"2022-09-14T05:44:40+00:00","dateModified":"2023-01-25T15:48:51+00:00","description":"Finden Sie die Erkl\u00e4rung zum Datenschutz bei Teameo - die digitale Zeitarbeitsfirma","breadcrumb":{"@id":"https:\/\/teameo.ch\/de\/datenschutz\/#breadcrumb"},"inLanguage":"de","potentialAction":[{"@type":"ReadAction","target":["https:\/\/teameo.ch\/de\/datenschutz\/"]}]},{"@type":"BreadcrumbList","@id":"https:\/\/teameo.ch\/de\/datenschutz\/#breadcrumb","itemListElement":[{"@type":"ListItem","position":1,"name":"Teameo","item":"https:\/\/teameo.ch\/de\/"},{"@type":"ListItem","position":2,"name":"Datenschutz"}]},{"@type":"WebSite","@id":"https:\/\/teameo.ch\/de\/#website","url":"https:\/\/teameo.ch\/de\/","name":"Teameo","description":"Agence d&#039;int\u00e9rim 100% online","publisher":{"@id":"https:\/\/teameo.ch\/de\/#organization"},"potentialAction":[{"@type":"SearchAction","target":{"@type":"EntryPoint","urlTemplate":"https:\/\/teameo.ch\/de\/?s={search_term_string}"},"query-input":{"@type":"PropertyValueSpecification","valueRequired":true,"valueName":"search_term_string"}}],"inLanguage":"de"},{"@type":"Organization","@id":"https:\/\/teameo.ch\/de\/#organization","name":"Teameo","url":"https:\/\/teameo.ch\/de\/","logo":{"@type":"ImageObject","inLanguage":"de","@id":"https:\/\/teameo.ch\/de\/#\/schema\/logo\/image\/","url":"https:\/\/teameo.ch\/wp-content\/uploads\/2022\/08\/logo_teameo.svg","contentUrl":"https:\/\/teameo.ch\/wp-content\/uploads\/2022\/08\/logo_teameo.svg","width":370,"height":66,"caption":"Teameo"},"image":{"@id":"https:\/\/teameo.ch\/de\/#\/schema\/logo\/image\/"}}]}},"_links":{"self":[{"href":"https:\/\/teameo.ch\/de\/wp-json\/wp\/v2\/pages\/1337","targetHints":{"allow":["GET"]}}],"collection":[{"href":"https:\/\/teameo.ch\/de\/wp-json\/wp\/v2\/pages"}],"about":[{"href":"https:\/\/teameo.ch\/de\/wp-json\/wp\/v2\/types\/page"}],"author":[{"embeddable":true,"href":"https:\/\/teameo.ch\/de\/wp-json\/wp\/v2\/users\/8"}],"replies":[{"embeddable":true,"href":"https:\/\/teameo.ch\/de\/wp-json\/wp\/v2\/comments?post=1337"}],"version-history":[{"count":0,"href":"https:\/\/teameo.ch\/de\/wp-json\/wp\/v2\/pages\/1337\/revisions"}],"wp:attachment":[{"href":"https:\/\/teameo.ch\/de\/wp-json\/wp\/v2\/media?parent=1337"}],"curies":[{"name":"wp","href":"https:\/\/api.w.org\/{rel}","templated":true}]}}