{"id":1334,"date":"2022-09-14T07:47:04","date_gmt":"2022-09-14T05:47:04","guid":{"rendered":"https:\/\/teameo.ch\/mentions-legales\/"},"modified":"2023-01-26T16:57:59","modified_gmt":"2023-01-26T15:57:59","slug":"rechtliche-hinweise","status":"publish","type":"page","link":"https:\/\/teameo.ch\/de\/rechtliche-hinweise\/","title":{"rendered":"Rechtliche Hinweise"},"content":{"rendered":"<div class=\"wpb-content-wrapper\"><p>[vc_row][vc_column]<style data-type=\"vc_shortcodes-custom-css\">.vc_custom_1660916272757{background-color: #f2f7ff !important;}.vc_custom_1666082292663{margin-bottom: 0px !important;padding-top: 15px !important;}.vc_custom_1666082153897{margin-bottom: 15px !important;}<\/style><div class=\"wpb-content-wrapper\">[vc_row full_width=\"stretch_row\" css=\".vc_custom_1660916272757{background-color: #f2f7ff !important;}\" woodmart_css_id=\"62ff92209a44a\" responsive_spacing=\"eyJwYXJhbV90eXBlIjoid29vZG1hcnRfcmVzcG9uc2l2ZV9zcGFjaW5nIiwic2VsZWN0b3JfaWQiOiI2MmZmOTIyMDlhNDRhIiwic2hvcnRjb2RlIjoidmNfcm93IiwiZGF0YSI6eyJ0YWJsZXQiOnt9LCJtb2JpbGUiOnt9fX0=\" mobile_bg_img_hidden=\"no\" tablet_bg_img_hidden=\"no\" woodmart_parallax=\"0\" woodmart_gradient_switch=\"no\" woodmart_box_shadow=\"no\" wd_z_index=\"no\" woodmart_disable_overflow=\"0\" row_reverse_mobile=\"0\" row_reverse_tablet=\"0\"][vc_column css=\".vc_custom_1666082292663{margin-bottom: 0px !important;padding-top: 15px !important;}\" woodmart_css_id=\"634e65efd5cb1\" parallax_scroll=\"no\" woodmart_sticky_column=\"false\" wd_collapsible_content_switcher=\"no\" wd_column_role_offcanvas_desktop=\"no\" wd_column_role_offcanvas_tablet=\"no\" wd_column_role_offcanvas_mobile=\"no\" wd_column_role_content_desktop=\"no\" wd_column_role_content_tablet=\"no\" wd_column_role_content_mobile=\"no\" mobile_bg_img_hidden=\"no\" tablet_bg_img_hidden=\"no\" woodmart_parallax=\"0\" woodmart_box_shadow=\"no\" responsive_spacing=\"eyJwYXJhbV90eXBlIjoid29vZG1hcnRfcmVzcG9uc2l2ZV9zcGFjaW5nIiwic2VsZWN0b3JfaWQiOiI2MzRlNjVlZmQ1Y2IxIiwic2hvcnRjb2RlIjoidmNfY29sdW1uIiwiZGF0YSI6eyJ0YWJsZXQiOnt9LCJtb2JpbGUiOnt9fX0=\" mobile_reset_margin=\"no\" tablet_reset_margin=\"no\" wd_z_index=\"no\"][vc_raw_html css=\".vc_custom_1666082153897{margin-bottom: 15px !important;}\"]W2JyZWFkY3J1bWJfbWlhbV0=[\/vc_raw_html][\/vc_column][\/vc_row]<\/div>[\/vc_column][\/vc_row][vc_row css=&#8220;.vc_custom_1660916240586{margin-top: 40px !important;margin-bottom: 40px !important;}&#8220; woodmart_css_id=&#8220;62ff920b9a2a7&#8243; responsive_spacing=&#8220;eyJwYXJhbV90eXBlIjoid29vZG1hcnRfcmVzcG9uc2l2ZV9zcGFjaW5nIiwic2VsZWN0b3JfaWQiOiI2MmZmOTIwYjlhMmE3Iiwic2hvcnRjb2RlIjoidmNfcm93IiwiZGF0YSI6eyJ0YWJsZXQiOnt9LCJtb2JpbGUiOnt9fX0=&#8220; mobile_bg_img_hidden=&#8220;no&#8220; tablet_bg_img_hidden=&#8220;no&#8220; woodmart_parallax=&#8220;0&#8243; woodmart_gradient_switch=&#8220;no&#8220; woodmart_box_shadow=&#8220;no&#8220; wd_z_index=&#8220;no&#8220; woodmart_disable_overflow=&#8220;0&#8243; row_reverse_mobile=&#8220;0&#8243; row_reverse_tablet=&#8220;0&#8243;][vc_column]\n\t\t<div id=\"wd-63becaa8754f7\" class=\"title-wrapper wd-wpb wd-set-mb reset-last-child  wd-rs-63becaa8754f7 wd-title-color-primary wd-title-style-simple text-center  wd-underline-colored\">\n\t\t\t\n\t\t\t<div class=\"liner-continer\">\n\t\t\t\t<h1 class=\"woodmart-title-container title  wd-font-weight- wd-fontsize-xxxl\" >Rechtliche Hinweise<\/h1>\n\t\t\t\t\t\t\t<\/div>\n\t\t\t\n\t\t\t\n\t\t\t\n\t\t<\/div>\n\t\t\n\t\t[\/vc_column][\/vc_row][vc_row css=&#8220;.vc_custom_1639144493571{margin-bottom: 80px !important;}&#8220; mobile_bg_img_hidden=&#8220;no&#8220; tablet_bg_img_hidden=&#8220;no&#8220; woodmart_parallax=&#8220;0&#8243; woodmart_gradient_switch=&#8220;no&#8220; row_reverse_mobile=&#8220;0&#8243; row_reverse_tablet=&#8220;0&#8243; woodmart_disable_overflow=&#8220;0&#8243; woodmart_css_id=&#8220;61b35c274e4e1&#8243; responsive_spacing=&#8220;eyJwYXJhbV90eXBlIjoid29vZG1hcnRfcmVzcG9uc2l2ZV9zcGFjaW5nIiwic2VsZWN0b3JfaWQiOiI2MWIzNWMyNzRlNGUxIiwic2hvcnRjb2RlIjoidmNfcm93IiwiZGF0YSI6eyJ0YWJsZXQiOnt9LCJtb2JpbGUiOnt9fX0=&#8220; woodmart_box_shadow=&#8220;no&#8220; wd_z_index=&#8220;no&#8220;][vc_column css=&#8220;.vc_custom_1619792717475{padding-top: 0px !important;}&#8220; mobile_bg_img_hidden=&#8220;no&#8220; tablet_bg_img_hidden=&#8220;no&#8220; woodmart_parallax=&#8220;0&#8243; woodmart_sticky_column=&#8220;false&#8220; parallax_scroll=&#8220;no&#8220; mobile_reset_margin=&#8220;no&#8220; tablet_reset_margin=&#8220;no&#8220;]\t\t<div id=\"wd-63becaaf8c60b\" class=\"wd-text-block wd-wpb reset-last-child wd-rs-63becaaf8c60b text-left \">\n\t\t\t<h3>VERANTWORTUNG<\/h3>\n<p>Teameo<br \/>\nRoute de Lavaux 166<br \/>\n1095 Lutry<br \/>\n<a href=\"https:\/\/www.teameo.ch\/\">www.teameo.ch<\/a><br \/>\n<a href=\"mailto:info@teameo.ch\">info@teameo.ch<\/a><\/p>\n<h3>HEBERGEUR<\/h3>\n<p>Die Website wird gehostet bei\u00a0 :<\/p>\n<p>Infomaniak<br \/>\n25 Eug\u00e8ne-Marziano<br \/>\n1227 Les Acacias<br \/>\nT\u00e9l. : +41 (0) 22 820 35 44<\/p>\n<h3>ZULASSUNGEN<\/h3>\n<p>Teameo verf\u00fcgt \u00fcber alle Bewilligungen in den Bereichen Rekrutierung, Vermittlung und Personalverleih. Die Bewilligungen werden vom Service de l&#8217;emploi des Kantons Waadt ausgestellt und erlauben es Teameo, den Personalverleih zu betreiben.<\/p>\n<h3>URHEBERRECHT<\/h3>\n<p>Die auf der Website enthaltenen Dienstleistungen, Informationen, Illustrationen, Dokumentationen usw. sind vollst\u00e4ndig und ausschliesslich Eigentum von Teameo. Somit liegen das Urheberrecht und die damit verbundenen Rechte ausschliesslich bei Teameo. Der Inhalt der Website kann frei verwendet werden. Dazu muss eine klare schriftliche Anfrage an Teameo gestellt werden. Es ist jedoch untersagt, den Inhalt zu kopieren oder zu ver\u00e4ndern und ihn ohne die vorherige schriftliche Zustimmung von Teameo zu \u00fcbertragen oder anderweitig zu ver\u00f6ffentlichen.<\/p>\n<h3><strong>COOKIES<\/strong><\/h3>\n<p>Als Nutzer dieser Website best\u00e4tigen Sie, dass Sie dar\u00fcber informiert sind, dass bestimmte Informationen auf der Festplatte Ihres Computers gespeichert werden k\u00f6nnen, um Ihnen die Navigation auf dieser Website zu erleichtern (Cookies) sowie aus Marketing- und Statistikgr\u00fcnden mithilfe von Google Analytics. Sie k\u00f6nnen Ihre Browser-Software so einstellen, dass Cookies in Ihrem Endger\u00e4t gespeichert oder abgelehnt werden, entweder systematisch oder je nachdem, wer sie ausgibt. Sie k\u00f6nnen Ihre Browser-Software auch so konfigurieren, dass die Annahme oder Ablehnung von Cookies punktuell angeboten wird, bevor ein Cookie m\u00f6glicherweise in Ihrem Terminal gespeichert wird. F\u00fcr die Verwaltung von Cookies ist die Konfiguration jedes Browsers unterschiedlich. Sie wird im Hilfemen\u00fc des Browsers beschrieben, in dem man nachlesen kann, wie man seine W\u00fcnsche in Bezug auf Cookies \u00e4ndern kann:<\/p>\n<p><a href=\"http:\/\/windows.microsoft.com\/fr-FR\/windows-vista\/Block-or-allow-cookies\" target=\"_blank\" rel=\"noopener\">Internet Explorer<\/a><br \/>\n<a href=\"https:\/\/support.apple.com\/fr-fr\/guide\/safari\/sfri11471\/mac\" target=\"_blank\" rel=\"noopener\">Safari<\/a><br \/>\n<a href=\"http:\/\/support.google.com\/chrome\/bin\/answer.py?hl=fr&amp;hlrm=en&amp;answer=95647\" target=\"_blank\" rel=\"noopener\">Chrome<\/a><br \/>\n<a href=\"http:\/\/support.mozilla.org\/fr\/kb\/Activer%20et%20d%C3%A9sactiver%20les%20cookies\" target=\"_blank\" rel=\"noopener\">Firefox<\/a><br \/>\n<a href=\"https:\/\/help.opera.com\/en\/latest\/web-preferences\/#cookies\" target=\"_blank\" rel=\"noopener\">Opera<\/a><\/p>\n<h3><strong>HYPERLINKS<\/strong><\/h3>\n<p>Die Website kann Links zu anderen Websites enthalten, die Dritten geh\u00f6ren. Diese Links stellen in keiner Weise eine Billigung, eine Best\u00e4tigung, eine Zustimmung von TEAMEO zum Inhalt dieser Seiten oder eine Verbindung von TEAMEO mit den verantwortlichen Administratoren, Autoren oder Hosts dieser Seiten dar. TEAMEO editiert oder kontrolliert die Quellen, Inhalte oder Links auf diesen Websites nicht und kann daher nicht f\u00fcr den Inhalt, die Funktionsweise und den Zugang zu diesen Websites oder f\u00fcr jegliche Sch\u00e4den oder Verluste, ob nachgewiesen oder behauptet, infolge oder in Verbindung mit der Nutzung von Informationen, Dienstleistungen oder Daten auf diesen Websites haftbar gemacht werden.<\/p>\n<p>Die Erstellung von Hypertext-Links zur Website darf nur mit vorheriger schriftlicher Genehmigung erfolgen. TEAMEO lehnt jede Verantwortung f\u00fcr den Inhalt von Websites Dritter ab, die mit ihrer Website verlinkt sind.<\/p>\n<h3>ABMELDEN<\/h3>\n<p>Bitte kontaktieren Sie Ihren Coacher f\u00fcr die Abmeldung, indem Sie auf den folgenden Link klicken :\u00a0 <a href=\"mailto:coachers@teameo.ch?subject=Teamer%20thomas%20%20[bdsa]%20patard%20[bdsa]%20%C3%A0%20l%E2%80%99attention%20de%20Coacher%20pour%20la%20d%C3%A9sinscription\" target=\"_blank\" rel=\"noopener\">Abmeldung<\/a><\/p>\n\t\t<\/div>\n\t\t[\/vc_column][\/vc_row]<\/p>\n<\/div>","protected":false},"excerpt":{"rendered":"<p>[vc_row][vc_column][\/vc_column][\/vc_row][vc_row css=&#8220;.vc_custom_1660916240586{margin-top: 40px !important;margin-bottom: 40px !important;}&#8220; woodmart_css_id=&#8220;62ff920b9a2a7&#8243; responsive_spacing=&#8220;eyJwYXJhbV90eXBlIjoid29vZG1hcnRfcmVzcG9uc2l2ZV9zcGFjaW5nIiwic2VsZWN0b3JfaWQiOiI2MmZmOTIwYjlhMmE3Iiwic2hvcnRjb2RlIjoidmNfcm93IiwiZGF0YSI6eyJ0YWJsZXQiOnt9LCJtb2JpbGUiOnt9fX0=&#8220; mobile_bg_img_hidden=&#8220;no&#8220; tablet_bg_img_hidden=&#8220;no&#8220; woodmart_parallax=&#8220;0&#8243; woodmart_gradient_switch=&#8220;no&#8220; woodmart_box_shadow=&#8220;no&#8220; wd_z_index=&#8220;no&#8220; woodmart_disable_overflow=&#8220;0&#8243; row_reverse_mobile=&#8220;0&#8243; row_reverse_tablet=&#8220;0&#8243;][vc_column][\/vc_column][\/vc_row][vc_row css=&#8220;.vc_custom_1639144493571{margin-bottom: 80px !important;}&#8220;<\/p>\n","protected":false},"author":8,"featured_media":0,"parent":0,"menu_order":0,"comment_status":"closed","ping_status":"closed","template":"","meta":{"_acf_changed":false,"footnotes":""},"class_list":["post-1334","page","type-page","status-publish","hentry"],"acf":[],"yoast_head":"<!-- This site is optimized with the Yoast SEO plugin v27.3 - https:\/\/yoast.com\/product\/yoast-seo-wordpress\/ -->\n<title>Rechtliche Hinweise - Teameo<\/title>\n<meta name=\"description\" content=\"Unsere Plattform bringt Unternehmen, die auf der Suche nach Personal sind, mit verf\u00fcgbaren Kandidaten zusammen.\" \/>\n<meta name=\"robots\" content=\"index, follow, max-snippet:-1, max-image-preview:large, max-video-preview:-1\" \/>\n<link rel=\"canonical\" href=\"https:\/\/teameo.ch\/de\/rechtliche-hinweise\/\" \/>\n<meta property=\"og:locale\" content=\"de_DE\" \/>\n<meta property=\"og:type\" content=\"article\" \/>\n<meta property=\"og:title\" content=\"Rechtliche Hinweise - Teameo\" \/>\n<meta property=\"og:description\" content=\"Unsere Plattform bringt Unternehmen, die auf der Suche nach Personal sind, mit verf\u00fcgbaren Kandidaten zusammen.\" \/>\n<meta property=\"og:url\" content=\"https:\/\/teameo.ch\/de\/rechtliche-hinweise\/\" \/>\n<meta property=\"og:site_name\" content=\"Teameo\" \/>\n<meta property=\"article:modified_time\" content=\"2023-01-26T15:57:59+00:00\" \/>\n<meta property=\"og:image\" content=\"https:\/\/teameo.ch\/wp-content\/uploads\/2024\/05\/og-teameo.jpg\" \/>\n\t<meta property=\"og:image:width\" content=\"1200\" \/>\n\t<meta property=\"og:image:height\" content=\"627\" \/>\n\t<meta property=\"og:image:type\" content=\"image\/jpeg\" \/>\n<meta name=\"twitter:card\" content=\"summary_large_image\" \/>\n<meta name=\"twitter:label1\" content=\"Gesch\u00e4tzte Lesezeit\" \/>\n\t<meta name=\"twitter:data1\" content=\"3\u00a0Minuten\" \/>\n<script type=\"application\/ld+json\" class=\"yoast-schema-graph\">{\"@context\":\"https:\\\/\\\/schema.org\",\"@graph\":[{\"@type\":\"WebPage\",\"@id\":\"https:\\\/\\\/teameo.ch\\\/de\\\/rechtliche-hinweise\\\/\",\"url\":\"https:\\\/\\\/teameo.ch\\\/de\\\/rechtliche-hinweise\\\/\",\"name\":\"Rechtliche Hinweise - Teameo\",\"isPartOf\":{\"@id\":\"https:\\\/\\\/teameo.ch\\\/de\\\/#website\"},\"datePublished\":\"2022-09-14T05:47:04+00:00\",\"dateModified\":\"2023-01-26T15:57:59+00:00\",\"description\":\"Unsere Plattform bringt Unternehmen, die auf der Suche nach Personal sind, mit verf\u00fcgbaren Kandidaten zusammen.\",\"breadcrumb\":{\"@id\":\"https:\\\/\\\/teameo.ch\\\/de\\\/rechtliche-hinweise\\\/#breadcrumb\"},\"inLanguage\":\"de\",\"potentialAction\":[{\"@type\":\"ReadAction\",\"target\":[\"https:\\\/\\\/teameo.ch\\\/de\\\/rechtliche-hinweise\\\/\"]}]},{\"@type\":\"BreadcrumbList\",\"@id\":\"https:\\\/\\\/teameo.ch\\\/de\\\/rechtliche-hinweise\\\/#breadcrumb\",\"itemListElement\":[{\"@type\":\"ListItem\",\"position\":1,\"name\":\"Teameo\",\"item\":\"https:\\\/\\\/teameo.ch\\\/de\\\/\"},{\"@type\":\"ListItem\",\"position\":2,\"name\":\"Rechtliche Hinweise\"}]},{\"@type\":\"WebSite\",\"@id\":\"https:\\\/\\\/teameo.ch\\\/de\\\/#website\",\"url\":\"https:\\\/\\\/teameo.ch\\\/de\\\/\",\"name\":\"Teameo\",\"description\":\"Agence d&#039;int\u00e9rim 100% online\",\"publisher\":{\"@id\":\"https:\\\/\\\/teameo.ch\\\/de\\\/#organization\"},\"potentialAction\":[{\"@type\":\"SearchAction\",\"target\":{\"@type\":\"EntryPoint\",\"urlTemplate\":\"https:\\\/\\\/teameo.ch\\\/de\\\/?s={search_term_string}\"},\"query-input\":{\"@type\":\"PropertyValueSpecification\",\"valueRequired\":true,\"valueName\":\"search_term_string\"}}],\"inLanguage\":\"de\"},{\"@type\":\"Organization\",\"@id\":\"https:\\\/\\\/teameo.ch\\\/de\\\/#organization\",\"name\":\"Teameo\",\"url\":\"https:\\\/\\\/teameo.ch\\\/de\\\/\",\"logo\":{\"@type\":\"ImageObject\",\"inLanguage\":\"de\",\"@id\":\"https:\\\/\\\/teameo.ch\\\/de\\\/#\\\/schema\\\/logo\\\/image\\\/\",\"url\":\"https:\\\/\\\/teameo.ch\\\/wp-content\\\/uploads\\\/2022\\\/08\\\/logo_teameo.svg\",\"contentUrl\":\"https:\\\/\\\/teameo.ch\\\/wp-content\\\/uploads\\\/2022\\\/08\\\/logo_teameo.svg\",\"width\":370,\"height\":66,\"caption\":\"Teameo\"},\"image\":{\"@id\":\"https:\\\/\\\/teameo.ch\\\/de\\\/#\\\/schema\\\/logo\\\/image\\\/\"}}]}<\/script>\n<!-- \/ Yoast SEO plugin. -->","yoast_head_json":{"title":"Rechtliche Hinweise - Teameo","description":"Unsere Plattform bringt Unternehmen, die auf der Suche nach Personal sind, mit verf\u00fcgbaren Kandidaten zusammen.","robots":{"index":"index","follow":"follow","max-snippet":"max-snippet:-1","max-image-preview":"max-image-preview:large","max-video-preview":"max-video-preview:-1"},"canonical":"https:\/\/teameo.ch\/de\/rechtliche-hinweise\/","og_locale":"de_DE","og_type":"article","og_title":"Rechtliche Hinweise - Teameo","og_description":"Unsere Plattform bringt Unternehmen, die auf der Suche nach Personal sind, mit verf\u00fcgbaren Kandidaten zusammen.","og_url":"https:\/\/teameo.ch\/de\/rechtliche-hinweise\/","og_site_name":"Teameo","article_modified_time":"2023-01-26T15:57:59+00:00","og_image":[{"width":1200,"height":627,"url":"https:\/\/teameo.ch\/wp-content\/uploads\/2024\/05\/og-teameo.jpg","type":"image\/jpeg"}],"twitter_card":"summary_large_image","twitter_misc":{"Gesch\u00e4tzte Lesezeit":"3\u00a0Minuten"},"schema":{"@context":"https:\/\/schema.org","@graph":[{"@type":"WebPage","@id":"https:\/\/teameo.ch\/de\/rechtliche-hinweise\/","url":"https:\/\/teameo.ch\/de\/rechtliche-hinweise\/","name":"Rechtliche Hinweise - Teameo","isPartOf":{"@id":"https:\/\/teameo.ch\/de\/#website"},"datePublished":"2022-09-14T05:47:04+00:00","dateModified":"2023-01-26T15:57:59+00:00","description":"Unsere Plattform bringt Unternehmen, die auf der Suche nach Personal sind, mit verf\u00fcgbaren Kandidaten zusammen.","breadcrumb":{"@id":"https:\/\/teameo.ch\/de\/rechtliche-hinweise\/#breadcrumb"},"inLanguage":"de","potentialAction":[{"@type":"ReadAction","target":["https:\/\/teameo.ch\/de\/rechtliche-hinweise\/"]}]},{"@type":"BreadcrumbList","@id":"https:\/\/teameo.ch\/de\/rechtliche-hinweise\/#breadcrumb","itemListElement":[{"@type":"ListItem","position":1,"name":"Teameo","item":"https:\/\/teameo.ch\/de\/"},{"@type":"ListItem","position":2,"name":"Rechtliche Hinweise"}]},{"@type":"WebSite","@id":"https:\/\/teameo.ch\/de\/#website","url":"https:\/\/teameo.ch\/de\/","name":"Teameo","description":"Agence d&#039;int\u00e9rim 100% online","publisher":{"@id":"https:\/\/teameo.ch\/de\/#organization"},"potentialAction":[{"@type":"SearchAction","target":{"@type":"EntryPoint","urlTemplate":"https:\/\/teameo.ch\/de\/?s={search_term_string}"},"query-input":{"@type":"PropertyValueSpecification","valueRequired":true,"valueName":"search_term_string"}}],"inLanguage":"de"},{"@type":"Organization","@id":"https:\/\/teameo.ch\/de\/#organization","name":"Teameo","url":"https:\/\/teameo.ch\/de\/","logo":{"@type":"ImageObject","inLanguage":"de","@id":"https:\/\/teameo.ch\/de\/#\/schema\/logo\/image\/","url":"https:\/\/teameo.ch\/wp-content\/uploads\/2022\/08\/logo_teameo.svg","contentUrl":"https:\/\/teameo.ch\/wp-content\/uploads\/2022\/08\/logo_teameo.svg","width":370,"height":66,"caption":"Teameo"},"image":{"@id":"https:\/\/teameo.ch\/de\/#\/schema\/logo\/image\/"}}]}},"_links":{"self":[{"href":"https:\/\/teameo.ch\/de\/wp-json\/wp\/v2\/pages\/1334","targetHints":{"allow":["GET"]}}],"collection":[{"href":"https:\/\/teameo.ch\/de\/wp-json\/wp\/v2\/pages"}],"about":[{"href":"https:\/\/teameo.ch\/de\/wp-json\/wp\/v2\/types\/page"}],"author":[{"embeddable":true,"href":"https:\/\/teameo.ch\/de\/wp-json\/wp\/v2\/users\/8"}],"replies":[{"embeddable":true,"href":"https:\/\/teameo.ch\/de\/wp-json\/wp\/v2\/comments?post=1334"}],"version-history":[{"count":0,"href":"https:\/\/teameo.ch\/de\/wp-json\/wp\/v2\/pages\/1334\/revisions"}],"wp:attachment":[{"href":"https:\/\/teameo.ch\/de\/wp-json\/wp\/v2\/media?parent=1334"}],"curies":[{"name":"wp","href":"https:\/\/api.w.org\/{rel}","templated":true}]}}